{"id":5022,"date":"2023-08-30T15:26:50","date_gmt":"2023-08-30T14:26:50","guid":{"rendered":"https:\/\/armilar.biz\/?page_id=5022"},"modified":"2023-09-01T11:58:25","modified_gmt":"2023-09-01T10:58:25","slug":"servicios-informes","status":"publish","type":"page","link":"https:\/\/armilar.biz\/es\/servicios-informes\/","title":{"rendered":"Reports"},"content":{"rendered":"<div>\n<p><strong>INFORMES<\/strong><\/p>\n<\/div>\n<h1>Analizamos tu competencia, clientes o posibles clientes.<\/h1>\n<div>\n<p>Un estudio completo de toda la actividad relacionada con la Contrataci\u00f3n P\u00fablica de una empresa o entidad de tu elecci\u00f3n.<\/p>\n<\/div>\n<p>\n    <a href=\"https:\/\/armilar.typeform.com\/to\/HwpyP8Kj\">Escogen informe<\/a>\n<\/p>\n<h2>Conoce en detalle a tu principal competidor o cliente<\/h2>\n<div>\n<p>Estudiamos las empresas o entidades de tu inter\u00e9s, para que tengas m\u00e1s tiempo para lo que realmente importa.<\/p>\n<\/div>\n<p><img decoding=\"async\" src=\"\/wp-content\/uploads\/2023\/08\/02.03_services_reports_02_es.png\" alt=\"\"><\/p>\n<div>\n<p><strong>Visi\u00f3n general<\/strong><\/p>\n<\/div>\n<div>\n<p style=\"text-align: left;\">Toda la actividad de tu competidor\/cliente con respecto al mercado p\u00fablico:<\/p>\n<\/div>\n<ul>\n<li>\n<div>\n<p>Cu\u00e1ntos contratos ha adjudicado\/ganado en los \u00faltimos meses;<\/p>\n<\/div>\n<\/li>\n<li>\n<div>\n<p>Valor total adjudicado\/ganado;<\/p>\n<\/div>\n<\/li>\n<li>\n<div>\n<p>Tipos de procedimientos m\u00e1s utilizados;<\/p>\n<\/div>\n<\/li>\n<li>\n<div>\n<p>Sectores con mayor presencia.<\/p>\n<\/div>\n<\/li>\n<\/ul>\n<div>\n<p><strong>Presencia en su sector principal<\/strong><\/p>\n<\/div>\n<div>\n<div>Elige el principal sector que quieres analizar (CPV) y conoce el peso de tu competidor\/cliente.<\/div>\n<\/div>\n<p><img decoding=\"async\" src=\"\/wp-content\/uploads\/2023\/08\/02.03_services_reports_03_es.png\" alt=\"\"><br \/>\n<img decoding=\"async\" src=\"\/wp-content\/uploads\/2023\/08\/02.03_services_reports_04_es.png\" alt=\"\"><\/p>\n<div>\n<p><strong>Red de negocios<\/strong><\/p>\n<\/div>\n<ul>\n<li>\n<div>Conoce con qui\u00e9n est\u00e1 haciendo negocios tu competidor\/cliente;<\/div>\n<\/li>\n<li>\n<div>Descubre el peso de tu empresa en base a tus clientes\/proveedores.<\/div>\n<\/li>\n<\/ul>\n<div>\n<p><strong>Listado de contratos<\/strong><\/p>\n<\/div>\n<ul>\n<li>\n<div>Identificaci\u00f3n de contractos pr\u00f3ximos a vencer y c\u00e1lculo de la probabilidad de renovaci\u00f3n;<\/div>\n<\/li>\n<li>\n<div>Listado de las adjudicaciones m\u00e1s recientes.<\/div>\n<\/li>\n<\/ul>\n<p><img decoding=\"async\" src=\"\/wp-content\/uploads\/2023\/08\/02.03_services_reports_01_es.png\" alt=\"\"><\/p>\n<h2>Ejemplos de informes<\/h2>\n<h2>\u00bfC\u00f3mo adquirir tu Informe?<\/h2>\n<div>\n<p>Sencillos pasos para recibir tu estudio de mercado en un instante<\/p>\n<\/div>\n<h3><strong>1<\/strong><\/h3>\n<div>\n<p style=\"text-align: center;\">Escoge el tipo de Informe a trav\u00e9s del formulario <strong><a href=\"https:\/\/armilar.typeform.com\/to\/HwpyP8Kj\">aqu\u00ed<\/a><\/strong>.<\/p>\n<\/div>\n<h3><strong>2<\/strong><\/h3>\n<div>\n<p style=\"text-align: center;\">Elige entre Informe del comprador o del competidor y:<br \/>Indicamos la entidad\/empresa a analizar;<br \/>Definir el sector (CPV) tu inter\u00e9s.<\/p>\n<\/div>\n<h3><strong>3<\/strong><\/h3>\n<div>\n<p style=\"text-align: center;\">Accede a la p\u00e1gina de pago indicada al final del formulario. Una vez procesado el pago, exportaremos tu informe.<\/p>\n<\/div>\n<h3><strong>4<\/strong><\/h3>\n<div>\n<p style=\"text-align: center;\">\u00a1Listo! En un plazo m\u00e1ximo de 72h (d\u00edas h\u00e1biles) recibir\u00e1s el informe en tu email.<\/p>\n<\/div>\n<p>\n    <a href=\"https:\/\/armilar.typeform.com\/to\/HwpyP8Kj\">Obtener informe<\/a>\n<\/p>\n<p><!--more--><br \/>\n<!-- {\"type\":\"layout\",\"children\":[{\"type\":\"section\",\"props\":{\"animation\":\"slide-left\",\"height\":\"expand\",\"image\":\"wp-content\\\/uploads\\\/2023\\\/08\\\/armilar_services_marketanalyses.png\",\"image_effect\":\"parallax\",\"image_parallax_bgx\":\"0,0\",\"image_parallax_bgy\":\"0,800\",\"image_parallax_easing\":\"1\",\"image_position\":\"center-center\",\"overlap\":true,\"padding\":\"large\",\"preserve_color\":true,\"style\":\"primary\",\"title_breakpoint\":\"xl\",\"title_position\":\"top-left\",\"title_rotation\":\"left\",\"vertical_align\":\"middle\",\"width\":\"default\"},\"children\":[{\"type\":\"row\",\"props\":{\"layout\":\"1-2,1-2\"},\"children\":[{\"type\":\"column\",\"props\":{\"image_position\":\"center-center\",\"position_sticky_breakpoint\":\"m\",\"vertical_align\":\"middle\",\"width_medium\":\"1-2\"},\"children\":[{\"type\":\"text\",\"props\":{\"column_breakpoint\":\"m\",\"content\":\"\n\n<p><strong>INFORMES<\\\/strong><\\\/p>\",\"margin\":\"default\",\"text_color\":\"secondary\",\"text_style\":\"large\"}},{\"type\":\"headline\",\"props\":{\"content\":\"Analizamos tu competencia, clientes o posibles clientes.\",\"margin_remove_top\":true,\"title_color\":\"emphasis\",\"title_element\":\"h1\",\"title_font_family\":\"primary\",\"title_style\":\"h1\"}},{\"type\":\"text\",\"props\":{\"column_breakpoint\":\"m\",\"content\":\"\n\n<p>Un estudio completo de toda la actividad relacionada con la Contrataci\\u00f3n P\\u00fablica de una empresa o entidad de tu elecci\\u00f3n.<\\\/p>\",\"margin\":\"default\",\"text_color\":\"muted\",\"text_style\":\"large\"}},{\"type\":\"button\",\"props\":{\"grid_column_gap\":\"small\",\"grid_row_gap\":\"small\",\"margin\":\"medium\"},\"children\":[{\"type\":\"button_item\",\"props\":{\"button_style\":\"default\",\"content\":\"Escogen informe\",\"icon_align\":\"left\",\"link\":\"https:\\\/\\\/armilar.typeform.com\\\/to\\\/HwpyP8Kj\",\"link_title\":\"Escogen informe\"}}]}]},{\"type\":\"column\",\"props\":{\"image_position\":\"center-center\",\"position_sticky_breakpoint\":\"m\",\"vertical_align\":\"middle\",\"width_medium\":\"1-2\"}}]}]},{\"type\":\"section\",\"props\":{\"animation\":\"slide-left\",\"image_position\":\"center-center\",\"preserve_color\":true,\"style\":\"muted\",\"title_breakpoint\":\"xl\",\"title_position\":\"top-left\",\"title_rotation\":\"left\",\"vertical_align\":\"middle\",\"width\":\"default\"},\"children\":[{\"type\":\"row\",\"children\":[{\"type\":\"column\",\"props\":{\"image_position\":\"center-center\",\"position_sticky_breakpoint\":\"m\",\"width_medium\":\"1-1\"},\"children\":[{\"type\":\"headline\",\"props\":{\"animation\":\"none\",\"content\":\"Conoce en detalle a tu principal competidor o cliente\",\"text_align\":\"center\",\"title_element\":\"h2\",\"title_font_family\":\"primary\",\"title_style\":\"h2\"}},{\"type\":\"text\",\"props\":{\"animation\":\"none\",\"column_breakpoint\":\"m\",\"content\":\"\n\n<p>Estudiamos las empresas o entidades de tu inter\\u00e9s, para que tengas m\\u00e1s tiempo para lo que realmente importa.<\\\/p>\",\"margin\":\"default\",\"text_align\":\"center\",\"text_color\":\"muted\",\"text_style\":\"large\"}}]}]},{\"type\":\"row\",\"props\":{\"divider\":false,\"layout\":\"1-2,1-2\",\"row_gap\":\"large\"},\"children\":[{\"type\":\"column\",\"props\":{\"image_position\":\"center-center\",\"position_sticky_breakpoint\":\"m\",\"vertical_align\":\"middle\",\"width_medium\":\"1-2\"},\"children\":[{\"type\":\"image\",\"props\":{\"image\":\"wp-content\\\/uploads\\\/2023\\\/08\\\/02.03_services_reports_02_es.png\",\"image_svg_color\":\"emphasis\",\"image_width\":\"65%\",\"margin\":\"default\"}}]},{\"type\":\"column\",\"props\":{\"image_position\":\"center-center\",\"position_sticky_breakpoint\":\"m\",\"vertical_align\":\"middle\",\"width_medium\":\"1-2\"},\"children\":[{\"type\":\"text\",\"props\":{\"animation\":\"fade\",\"column_breakpoint\":\"m\",\"content\":\"\n\n<p><strong>Visi\\u00f3n general<\\\/strong><\\\/p>\",\"margin\":\"default\",\"text_color\":\"secondary\",\"text_style\":\"large\"}},{\"type\":\"text\",\"props\":{\"animation\":\"fade\",\"column_breakpoint\":\"m\",\"content\":\"\n\n<p style=\\\"text-align: left;\\\">Toda la actividad de tu competidor\\\/cliente con respecto al mercado p\\u00fablico:<\\\/p>\",\"margin\":\"remove-vertical\",\"text_align\":\"center\",\"text_color\":\"muted\"}},{\"type\":\"list\",\"props\":{\"animation\":\"fade\",\"column_breakpoint\":\"m\",\"icon_width\":\"40\",\"image_align\":\"left\",\"image_svg_color\":\"emphasis\",\"image_vertical_align\":true,\"list_element\":\"ul\",\"list_horizontal_separator\":\", \",\"list_type\":\"vertical\",\"margin\":\"medium\",\"show_image\":true,\"show_link\":true},\"children\":[{\"type\":\"list_item\",\"props\":{\"content\":\"\n\n<p>Cu\\u00e1ntos contratos ha adjudicado\\\/ganado en los \\u00faltimos meses;<\\\/p>\",\"icon\":\"check\",\"icon_color\":\"secondary\"}},{\"type\":\"list_item\",\"props\":{\"content\":\"\n\n<p>Valor total adjudicado\\\/ganado;<\\\/p>\",\"icon\":\"check\",\"icon_color\":\"secondary\"}},{\"type\":\"list_item\",\"props\":{\"content\":\"\n\n<p>Tipos de procedimientos m\\u00e1s utilizados;<\\\/p>\",\"icon\":\"check\",\"icon_color\":\"secondary\"}},{\"type\":\"list_item\",\"props\":{\"content\":\"\n\n<p>Sectores con mayor presencia.<\\\/p>\",\"icon\":\"check\",\"icon_color\":\"secondary\"}}]}]}]},{\"type\":\"row\",\"props\":{\"divider\":false,\"layout\":\"1-2,1-2\",\"row_gap\":\"large\"},\"children\":[{\"type\":\"column\",\"props\":{\"image_position\":\"center-center\",\"position_sticky_breakpoint\":\"m\",\"vertical_align\":\"middle\",\"width_medium\":\"1-2\"},\"children\":[{\"type\":\"text\",\"props\":{\"animation\":\"fade\",\"column_breakpoint\":\"m\",\"content\":\"\n\n<p><strong>Presencia en su sector principal<\\\/strong><\\\/p>\",\"margin\":\"default\",\"text_color\":\"secondary\",\"text_style\":\"large\"}},{\"type\":\"list\",\"props\":{\"animation\":\"fade\",\"column_breakpoint\":\"m\",\"icon_width\":\"40\",\"image_align\":\"left\",\"image_svg_color\":\"emphasis\",\"image_vertical_align\":true,\"list_element\":\"ul\",\"list_horizontal_separator\":\", \",\"list_type\":\"vertical\",\"margin\":\"medium\",\"show_image\":true,\"show_link\":true},\"children\":[{\"type\":\"list_item\",\"props\":{\"content\":\"Elige el principal sector que quieres analizar (CPV) y conoce el peso de tu competidor\\\/cliente.\",\"icon\":\"check\",\"icon_color\":\"secondary\"}}]}]},{\"type\":\"column\",\"props\":{\"image_position\":\"center-center\",\"position_sticky_breakpoint\":\"m\",\"vertical_align\":\"middle\",\"width_medium\":\"1-2\"},\"children\":[{\"type\":\"image\",\"props\":{\"image\":\"wp-content\\\/uploads\\\/2023\\\/08\\\/02.03_services_reports_03_es.png\",\"image_svg_color\":\"emphasis\",\"image_width\":\"65%\",\"margin\":\"default\"}}]}]},{\"type\":\"row\",\"props\":{\"divider\":false,\"layout\":\"1-2,1-2\",\"row_gap\":\"large\"},\"children\":[{\"type\":\"column\",\"props\":{\"image_position\":\"center-center\",\"position_sticky_breakpoint\":\"m\",\"vertical_align\":\"middle\",\"width_medium\":\"1-2\"},\"children\":[{\"type\":\"image\",\"props\":{\"image\":\"wp-content\\\/uploads\\\/2023\\\/08\\\/02.03_services_reports_04_es.png\",\"image_svg_color\":\"emphasis\",\"image_width\":\"65%\",\"margin\":\"default\"}}]},{\"type\":\"column\",\"props\":{\"image_position\":\"center-center\",\"position_sticky_breakpoint\":\"m\",\"vertical_align\":\"middle\",\"width_medium\":\"1-2\"},\"children\":[{\"type\":\"text\",\"props\":{\"animation\":\"fade\",\"column_breakpoint\":\"m\",\"content\":\"\n\n<p><strong>Red de negocios<\\\/strong><\\\/p>\",\"margin\":\"default\",\"text_color\":\"secondary\",\"text_style\":\"large\"}},{\"type\":\"list\",\"props\":{\"animation\":\"fade\",\"column_breakpoint\":\"m\",\"icon_width\":\"40\",\"image_align\":\"left\",\"image_svg_color\":\"emphasis\",\"image_vertical_align\":true,\"list_element\":\"ul\",\"list_horizontal_separator\":\", \",\"list_type\":\"vertical\",\"margin\":\"medium\",\"show_image\":true,\"show_link\":true},\"children\":[{\"type\":\"list_item\",\"props\":{\"content\":\"Conoce con qui\\u00e9n est\\u00e1 haciendo negocios tu competidor\\\/cliente;\",\"icon\":\"check\",\"icon_color\":\"secondary\"}},{\"type\":\"list_item\",\"props\":{\"content\":\"Descubre el peso de tu empresa en base a tus clientes\\\/proveedores.\",\"icon\":\"check\",\"icon_color\":\"secondary\"}}]}]}]},{\"type\":\"row\",\"props\":{\"divider\":false,\"layout\":\"1-2,1-2\",\"row_gap\":\"large\"},\"children\":[{\"type\":\"column\",\"props\":{\"image_position\":\"center-center\",\"position_sticky_breakpoint\":\"m\",\"vertical_align\":\"middle\",\"width_medium\":\"1-2\"},\"children\":[{\"type\":\"text\",\"props\":{\"animation\":\"fade\",\"column_breakpoint\":\"m\",\"content\":\"\n\n<p><strong>Listado de contratos<\\\/strong><\\\/p>\",\"margin\":\"default\",\"text_color\":\"secondary\",\"text_style\":\"large\"}},{\"type\":\"list\",\"props\":{\"animation\":\"fade\",\"column_breakpoint\":\"m\",\"icon_width\":\"40\",\"image_align\":\"left\",\"image_svg_color\":\"emphasis\",\"image_vertical_align\":true,\"list_element\":\"ul\",\"list_horizontal_separator\":\", \",\"list_type\":\"vertical\",\"margin\":\"medium\",\"show_image\":true,\"show_link\":true},\"children\":[{\"type\":\"list_item\",\"props\":{\"content\":\"Identificaci\\u00f3n de contractos pr\\u00f3ximos a vencer y c\\u00e1lculo de la probabilidad de renovaci\\u00f3n;\",\"icon\":\"check\",\"icon_color\":\"secondary\"}},{\"type\":\"list_item\",\"props\":{\"content\":\"Listado de las adjudicaciones m\\u00e1s recientes.\",\"icon\":\"check\",\"icon_color\":\"secondary\"}}]}]},{\"type\":\"column\",\"props\":{\"image_position\":\"center-center\",\"position_sticky_breakpoint\":\"m\",\"vertical_align\":\"middle\",\"width_medium\":\"1-2\"},\"children\":[{\"type\":\"image\",\"props\":{\"image\":\"wp-content\\\/uploads\\\/2023\\\/08\\\/02.03_services_reports_01_es.png\",\"image_svg_color\":\"emphasis\",\"image_width\":\"65%\",\"margin\":\"default\"}}]}]},{\"type\":\"row\",\"props\":{\"divider\":false,\"row_gap\":\"large\"},\"children\":[{\"type\":\"column\",\"props\":{\"image_position\":\"center-center\",\"position_sticky_breakpoint\":\"m\",\"vertical_align\":\"middle\"},\"children\":[{\"type\":\"headline\",\"props\":{\"animation\":\"none\",\"content\":\"Ejemplos de informes\",\"text_align\":\"center\",\"title_element\":\"h2\",\"title_font_family\":\"primary\",\"title_style\":\"h2\"}},{\"type\":\"list\",\"props\":{\"animation\":\"none\",\"column_breakpoint\":\"m\",\"icon_width\":\"40\",\"image_align\":\"left\",\"image_svg_color\":\"emphasis\",\"image_vertical_align\":true,\"list_element\":\"ul\",\"list_horizontal_separator\":\", \",\"list_type\":\"vertical\",\"margin\":\"medium\",\"show_image\":true,\"show_link\":true,\"status\":\"disabled\"},\"children\":[{\"type\":\"list_item\",\"props\":{\"content\":\"\n\n<p>Informe del competidor: <strong><a href=\\\"https:\\\/\\\/armilar.typeform.com\\\/to\\\/HwpyP8Kj\\\">Novartis<\\\/a><\\\/strong><\\\/p>\",\"icon\":\"file-pdf\",\"icon_color\":\"secondary\"}},{\"type\":\"list_item\",\"props\":{\"content\":\"\n\n<p>Informe del competidor: <strong><a href=\\\"https:\\\/\\\/armilar.typeform.com\\\/to\\\/HwpyP8Kj\\\">Junta de Andaluc\\u00eda<\\\/a><a href=\\\"https:\\\/\\\/armilar.typeform.com\\\/to\\\/HwpyP8Kj\\\"><\\\/a><\\\/strong><\\\/p>\",\"icon\":\"file-pdf\",\"icon_color\":\"secondary\"}}]}]}]}]},{\"type\":\"section\",\"props\":{\"animation\":\"slide-left\",\"image_position\":\"center-center\",\"preserve_color\":true,\"style\":\"primary\",\"title_breakpoint\":\"xl\",\"title_position\":\"top-left\",\"title_rotation\":\"left\",\"vertical_align\":\"middle\",\"width\":\"default\"},\"children\":[{\"type\":\"row\",\"children\":[{\"type\":\"column\",\"props\":{\"image_position\":\"center-center\",\"position_sticky_breakpoint\":\"m\",\"width_medium\":\"1-1\"},\"children\":[{\"type\":\"headline\",\"props\":{\"content\":\"\\u00bfC\\u00f3mo adquirir tu Informe?\",\"text_align\":\"center\",\"title_element\":\"h2\",\"title_font_family\":\"primary\",\"title_style\":\"h2\"}},{\"type\":\"text\",\"props\":{\"column_breakpoint\":\"m\",\"content\":\"\n\n<p>Sencillos pasos para recibir tu estudio de mercado en un instante<\\\/p>\",\"margin\":\"default\",\"text_align\":\"center\",\"text_color\":\"muted\",\"text_style\":\"large\"}}]}]},{\"type\":\"row\",\"children\":[{\"type\":\"column\",\"props\":{\"image_position\":\"center-center\",\"position_sticky_breakpoint\":\"m\",\"width_medium\":\"1-4\",\"width_small\":\"1-2\"},\"children\":[{\"type\":\"headline\",\"props\":{\"content\":\"<strong>1<\\\/strong>\",\"margin\":\"small\",\"text_align\":\"center\",\"title_color\":\"secondary\",\"title_element\":\"h3\",\"title_font_family\":\"primary\",\"title_style\":\"heading-small\"}},{\"type\":\"text\",\"props\":{\"column_breakpoint\":\"m\",\"content\":\"\n\n<p style=\\\"text-align: center;\\\">Escoge el tipo de Informe a trav\\u00e9s del formulario <strong><a href=\\\"https:\\\/\\\/armilar.typeform.com\\\/to\\\/HwpyP8Kj\\\">aqu\\u00ed<\\\/a><\\\/strong>.<\\\/p>\",\"margin\":\"remove-vertical\",\"text_align\":\"center\",\"text_color\":\"muted\"}}]},{\"type\":\"column\",\"props\":{\"image_position\":\"center-center\",\"position_sticky_breakpoint\":\"m\",\"width_medium\":\"1-4\",\"width_small\":\"1-2\"},\"children\":[{\"type\":\"headline\",\"props\":{\"content\":\"<strong>2<\\\/strong>\",\"margin\":\"small\",\"text_align\":\"center\",\"title_color\":\"secondary\",\"title_element\":\"h3\",\"title_font_family\":\"primary\",\"title_style\":\"heading-small\"}},{\"type\":\"text\",\"props\":{\"column_breakpoint\":\"m\",\"content\":\"\n\n<p style=\\\"text-align: center;\\\">Elige entre Informe del comprador o del competidor y:<br \\\/>Indicamos la entidad\\\/empresa a analizar;<br \\\/>Definir el sector (CPV) tu inter\\u00e9s.<\\\/p>\",\"margin\":\"remove-vertical\",\"text_align\":\"center\",\"text_color\":\"muted\"}}]},{\"type\":\"column\",\"props\":{\"image_position\":\"center-center\",\"position_sticky_breakpoint\":\"m\",\"width_medium\":\"1-4\",\"width_small\":\"1-2\"},\"children\":[{\"type\":\"headline\",\"props\":{\"content\":\"<strong>3<\\\/strong>\",\"margin\":\"small\",\"text_align\":\"center\",\"title_color\":\"secondary\",\"title_element\":\"h3\",\"title_font_family\":\"primary\",\"title_style\":\"heading-small\"}},{\"type\":\"text\",\"props\":{\"column_breakpoint\":\"m\",\"content\":\"\n\n<p style=\\\"text-align: center;\\\">Accede a la p\\u00e1gina de pago indicada al final del formulario. Una vez procesado el pago, exportaremos tu informe.<\\\/p>\",\"margin\":\"remove-vertical\",\"text_align\":\"center\",\"text_color\":\"muted\"}}]},{\"type\":\"column\",\"props\":{\"image_position\":\"center-center\",\"position_sticky_breakpoint\":\"m\",\"width_medium\":\"1-4\",\"width_small\":\"1-2\"},\"children\":[{\"type\":\"headline\",\"props\":{\"content\":\"<strong>4<\\\/strong>\",\"margin\":\"small\",\"text_align\":\"center\",\"title_color\":\"secondary\",\"title_element\":\"h3\",\"title_font_family\":\"primary\",\"title_style\":\"heading-small\"}},{\"type\":\"text\",\"props\":{\"column_breakpoint\":\"m\",\"content\":\"\n\n<p style=\\\"text-align: center;\\\">\\u00a1Listo! En un plazo m\\u00e1ximo de 72h (d\\u00edas h\\u00e1biles) recibir\\u00e1s el informe en tu email.<\\\/p>\",\"margin\":\"remove-vertical\",\"text_align\":\"center\",\"text_color\":\"muted\"}}]}],\"props\":{\"layout\":\"1-4,1-4,1-4,1-4|1-2,1-2,1-2,1-2\"}},{\"type\":\"row\",\"children\":[{\"type\":\"column\",\"props\":{\"image_position\":\"center-center\",\"position_sticky_breakpoint\":\"m\"},\"children\":[{\"type\":\"button\",\"props\":{\"grid_column_gap\":\"small\",\"grid_row_gap\":\"small\",\"margin\":\"medium\",\"text_align\":\"center\"},\"children\":[{\"type\":\"button_item\",\"props\":{\"button_style\":\"default\",\"content\":\"Obtener informe\",\"icon_align\":\"left\",\"link\":\"https:\\\/\\\/armilar.typeform.com\\\/to\\\/HwpyP8Kj\",\"link_title\":\"Obtener informe\"}}]}]}]}]}],\"version\":\"4.0.11\"} --><\/p>\n","protected":false},"excerpt":{"rendered":"<p>INFORMES Analizamos tu competencia, clientes o posibles clientes. Un estudio completo de toda la actividad relacionada con la Contrataci\u00f3n P\u00fablica de una empresa o entidad de tu elecci\u00f3n. Escogen informe Conoce en detalle a tu principal competidor o cliente Estudiamos las empresas o entidades de tu inter\u00e9s, para que tengas m\u00e1s tiempo para lo que [&hellip;]<\/p>\n","protected":false},"author":9,"featured_media":0,"parent":0,"menu_order":0,"comment_status":"closed","ping_status":"closed","template":"","meta":{"footnotes":""},"class_list":["post-5022","page","type-page","status-publish","hentry"],"yoast_head":"<!-- This site is optimized with the Yoast SEO plugin v27.5 - https:\/\/yoast.com\/product\/yoast-seo-wordpress\/ -->\n<title>Reports - Armilar<\/title>\n<meta name=\"robots\" content=\"index, follow, max-snippet:-1, max-image-preview:large, max-video-preview:-1\" \/>\n<link rel=\"canonical\" href=\"https:\/\/armilar.biz\/es\/servicios-informes\/\" \/>\n<meta property=\"og:locale\" content=\"es_ES\" \/>\n<meta property=\"og:type\" content=\"article\" \/>\n<meta property=\"og:title\" content=\"Reports - Armilar\" \/>\n<meta property=\"og:description\" content=\"INFORMES Analizamos tu competencia, clientes o posibles clientes. Un estudio completo de toda la actividad relacionada con la Contrataci\u00f3n P\u00fablica de una empresa o entidad de tu elecci\u00f3n. Escogen informe Conoce en detalle a tu principal competidor o cliente Estudiamos las empresas o entidades de tu inter\u00e9s, para que tengas m\u00e1s tiempo para lo que [&hellip;]\" \/>\n<meta property=\"og:url\" content=\"https:\/\/armilar.biz\/es\/servicios-informes\/\" \/>\n<meta property=\"og:site_name\" content=\"Armilar\" \/>\n<meta property=\"article:publisher\" content=\"https:\/\/www.facebook.com\/Armilar-116935253383638\" \/>\n<meta property=\"article:modified_time\" content=\"2023-09-01T10:58:25+00:00\" \/>\n<meta name=\"twitter:card\" content=\"summary_large_image\" \/>\n<meta name=\"twitter:site\" content=\"@ArmilarWorld\" \/>\n<meta name=\"twitter:label1\" content=\"Tiempo de lectura\" \/>\n\t<meta name=\"twitter:data1\" content=\"2 minutos\" \/>\n<script type=\"application\/ld+json\" class=\"yoast-schema-graph\">{\"@context\":\"https:\\\/\\\/schema.org\",\"@graph\":[{\"@type\":\"WebPage\",\"@id\":\"https:\\\/\\\/armilar.biz\\\/es\\\/servicios-informes\\\/\",\"url\":\"https:\\\/\\\/armilar.biz\\\/es\\\/servicios-informes\\\/\",\"name\":\"Reports - Armilar\",\"isPartOf\":{\"@id\":\"https:\\\/\\\/armilar.biz\\\/es\\\/#website\"},\"datePublished\":\"2023-08-30T14:26:50+00:00\",\"dateModified\":\"2023-09-01T10:58:25+00:00\",\"breadcrumb\":{\"@id\":\"https:\\\/\\\/armilar.biz\\\/es\\\/servicios-informes\\\/#breadcrumb\"},\"inLanguage\":\"es\",\"potentialAction\":[{\"@type\":\"ReadAction\",\"target\":[\"https:\\\/\\\/armilar.biz\\\/es\\\/servicios-informes\\\/\"]}]},{\"@type\":\"BreadcrumbList\",\"@id\":\"https:\\\/\\\/armilar.biz\\\/es\\\/servicios-informes\\\/#breadcrumb\",\"itemListElement\":[{\"@type\":\"ListItem\",\"position\":1,\"name\":\"Home\",\"item\":\"https:\\\/\\\/armilar.biz\\\/es\\\/\"},{\"@type\":\"ListItem\",\"position\":2,\"name\":\"Reports\"}]},{\"@type\":\"WebSite\",\"@id\":\"https:\\\/\\\/armilar.biz\\\/es\\\/#website\",\"url\":\"https:\\\/\\\/armilar.biz\\\/es\\\/\",\"name\":\"Armilar\",\"description\":\"Market Intelligence\",\"potentialAction\":[{\"@type\":\"SearchAction\",\"target\":{\"@type\":\"EntryPoint\",\"urlTemplate\":\"https:\\\/\\\/armilar.biz\\\/es\\\/?s={search_term_string}\"},\"query-input\":{\"@type\":\"PropertyValueSpecification\",\"valueRequired\":true,\"valueName\":\"search_term_string\"}}],\"inLanguage\":\"es\"}]}<\/script>\n<!-- \/ Yoast SEO plugin. -->","yoast_head_json":{"title":"Reports - Armilar","robots":{"index":"index","follow":"follow","max-snippet":"max-snippet:-1","max-image-preview":"max-image-preview:large","max-video-preview":"max-video-preview:-1"},"canonical":"https:\/\/armilar.biz\/es\/servicios-informes\/","og_locale":"es_ES","og_type":"article","og_title":"Reports - Armilar","og_description":"INFORMES Analizamos tu competencia, clientes o posibles clientes. Un estudio completo de toda la actividad relacionada con la Contrataci\u00f3n P\u00fablica de una empresa o entidad de tu elecci\u00f3n. Escogen informe Conoce en detalle a tu principal competidor o cliente Estudiamos las empresas o entidades de tu inter\u00e9s, para que tengas m\u00e1s tiempo para lo que [&hellip;]","og_url":"https:\/\/armilar.biz\/es\/servicios-informes\/","og_site_name":"Armilar","article_publisher":"https:\/\/www.facebook.com\/Armilar-116935253383638","article_modified_time":"2023-09-01T10:58:25+00:00","twitter_card":"summary_large_image","twitter_site":"@ArmilarWorld","twitter_misc":{"Tiempo de lectura":"2 minutos"},"schema":{"@context":"https:\/\/schema.org","@graph":[{"@type":"WebPage","@id":"https:\/\/armilar.biz\/es\/servicios-informes\/","url":"https:\/\/armilar.biz\/es\/servicios-informes\/","name":"Reports - Armilar","isPartOf":{"@id":"https:\/\/armilar.biz\/es\/#website"},"datePublished":"2023-08-30T14:26:50+00:00","dateModified":"2023-09-01T10:58:25+00:00","breadcrumb":{"@id":"https:\/\/armilar.biz\/es\/servicios-informes\/#breadcrumb"},"inLanguage":"es","potentialAction":[{"@type":"ReadAction","target":["https:\/\/armilar.biz\/es\/servicios-informes\/"]}]},{"@type":"BreadcrumbList","@id":"https:\/\/armilar.biz\/es\/servicios-informes\/#breadcrumb","itemListElement":[{"@type":"ListItem","position":1,"name":"Home","item":"https:\/\/armilar.biz\/es\/"},{"@type":"ListItem","position":2,"name":"Reports"}]},{"@type":"WebSite","@id":"https:\/\/armilar.biz\/es\/#website","url":"https:\/\/armilar.biz\/es\/","name":"Armilar","description":"Market Intelligence","potentialAction":[{"@type":"SearchAction","target":{"@type":"EntryPoint","urlTemplate":"https:\/\/armilar.biz\/es\/?s={search_term_string}"},"query-input":{"@type":"PropertyValueSpecification","valueRequired":true,"valueName":"search_term_string"}}],"inLanguage":"es"}]}},"_links":{"self":[{"href":"https:\/\/armilar.biz\/es\/wp-json\/wp\/v2\/pages\/5022","targetHints":{"allow":["GET"]}}],"collection":[{"href":"https:\/\/armilar.biz\/es\/wp-json\/wp\/v2\/pages"}],"about":[{"href":"https:\/\/armilar.biz\/es\/wp-json\/wp\/v2\/types\/page"}],"author":[{"embeddable":true,"href":"https:\/\/armilar.biz\/es\/wp-json\/wp\/v2\/users\/9"}],"replies":[{"embeddable":true,"href":"https:\/\/armilar.biz\/es\/wp-json\/wp\/v2\/comments?post=5022"}],"version-history":[{"count":39,"href":"https:\/\/armilar.biz\/es\/wp-json\/wp\/v2\/pages\/5022\/revisions"}],"predecessor-version":[{"id":5220,"href":"https:\/\/armilar.biz\/es\/wp-json\/wp\/v2\/pages\/5022\/revisions\/5220"}],"wp:attachment":[{"href":"https:\/\/armilar.biz\/es\/wp-json\/wp\/v2\/media?parent=5022"}],"curies":[{"name":"wp","href":"https:\/\/api.w.org\/{rel}","templated":true}]}}